{"id":1389,"date":"2019-07-09T06:41:20","date_gmt":"2019-07-09T04:41:20","guid":{"rendered":"https:\/\/smartestmeteringtechnology.de\/rechtliche-hinweise\/"},"modified":"2020-04-17T07:26:26","modified_gmt":"2020-04-17T05:26:26","slug":"legal-notice","status":"publish","type":"page","link":"https:\/\/smartestmeteringtechnology.de\/en\/legal-notice\/","title":{"rendered":"Legal Notice"},"content":{"rendered":"\n<h2 class=\"wp-block-le-blocks-le-02-headline le-headline-h2\">Legal Notice<\/h2>\n\n\n\n<p class=\"wp-block-le-blocks-le-01-text\">Die Informationen und Angaben auf diesen Seiten stellen keine ausdr\u00fcckliche oder stillschweigende Zusicherung oder Garantie dar.<br\/> Sie stellen insbesondere keine stillschweigende Zusage oder Garantie betreffend Beschaffenheit, Handelsf\u00e4higkeit, Eignung f\u00fcr bestimmte Zwecke oder den Nichtversto\u00df gegen Gesetze und Patente dar.<br\/> Dar\u00fcber hinaus haftet die Engelmann Sensor GmbH weder f\u00fcr direkte noch indirekte Sch\u00e4den, die durch die Nutzung der auf der SmartestMeteringTechnology-Plattform zu findenden Information oder Daten entstehen k\u00f6nnten.<br\/> Ausgeschlossen sind zudem die Rechte und Pflichten zwischen der Engelmann Sensor GmbH und dem Nutzer der SmartestMeteringTechnology-Plattform bzw. Dritten.<br\/><br\/> Eine Haftung und Garantie auf Aktualit\u00e4t, Richtigkeit und Vollst\u00e4ndigkeit der zur Verf\u00fcgung gestellten Informationen und Daten ist ausgeschlossen. Engelmann Sensor GmbH beh\u00e4lt sich zudem vor, ohne vorherige Ank\u00fcndigung \u00c4nderungen oder Erg\u00e4nzungen der bereitgestellten Informationen oder Daten jederzeit vorzunehmen.<br\/><br\/> Wir, die Engelmann Sensor GmbH, m\u00f6chten Sie darauf hinweisen, dass wir keinen Einfluss auf die Gestaltung und den Inhalt externer Seiten, auf die wir verlinken, haben. Wir k\u00f6nnen daher keine Gew\u00e4hr f\u00fcr die Aktualit\u00e4t, Korrektheit, Vollst\u00e4ndigkeit oder Qualit\u00e4t der dort bereitgestellten Informationen \u00fcbernehmen. Vor diesem Hintergrund distanzieren wir uns hiermit von allen Inhalten dieser Seiten.<br\/><br\/><strong>Urheberschutz<\/strong><br\/> Der Inhalt der SmartestMeteringTechnology-Plattform der Engelmann Sensor GmbH und Ihr Aufbau (Texte, Bilder, Grafiken, Logos, Ton- und Video-Dateien etc.) unterliegen dem Urheberrecht und anderen Gesetzten zum Schutz geistigen Eigentums.<br\/> Die Engelmann Sensor GmbH gew\u00e4hrt den Nutzern nicht das Recht, die auf der SmartestMeteringTechnology-Plattform bereitgestellten Texte, Bilder,Graphiken, Logos etc. zu publizistischen Zwecken, zu Handelszwecken oder zu anderen Zwecken ganz oder Ausschnittsweise zu kopieren, zu ver\u00e4ndern, zu verwenden, zu speichern und zu vervielf\u00e4ltigen.<br\/><br\/> Die SmartestMeteringTechnology-Plattform der Engelmann Sensor GmbH gew\u00e4hrt keinerlei Lizenzrechte an dem geistigen Eigentum der Engelmann Sensor GmbH. Alle auf der Engelmann Sensor GmbH SmartestMeteringTechnology-Plattform genannten Marken und Logos sind gesetzlich gesch\u00fctzte Zeichen.<br\/> Die SmartestMeteringTechnology -Plattform enth\u00e4lt Beitr\u00e4ge von internen und externen Autoren. Autoren haften f\u00fcr den Inhalt ihrer Beitr\u00e4ge selbst.<\/p>\n","protected":false},"excerpt":{"rendered":"","protected":false},"author":1,"featured_media":0,"parent":0,"menu_order":0,"comment_status":"closed","ping_status":"closed","template":"","meta":{"footnotes":""},"publishpress_future_action":{"enabled":false,"date":"2026-05-01 16:38:58","action":"draft","terms":[],"taxonomy":"translation_priority"},"_links":{"self":[{"href":"https:\/\/smartestmeteringtechnology.de\/en\/wp-json\/wp\/v2\/pages\/1389"}],"collection":[{"href":"https:\/\/smartestmeteringtechnology.de\/en\/wp-json\/wp\/v2\/pages"}],"about":[{"href":"https:\/\/smartestmeteringtechnology.de\/en\/wp-json\/wp\/v2\/types\/page"}],"author":[{"embeddable":true,"href":"https:\/\/smartestmeteringtechnology.de\/en\/wp-json\/wp\/v2\/users\/1"}],"replies":[{"embeddable":true,"href":"https:\/\/smartestmeteringtechnology.de\/en\/wp-json\/wp\/v2\/comments?post=1389"}],"version-history":[{"count":0,"href":"https:\/\/smartestmeteringtechnology.de\/en\/wp-json\/wp\/v2\/pages\/1389\/revisions"}],"wp:attachment":[{"href":"https:\/\/smartestmeteringtechnology.de\/en\/wp-json\/wp\/v2\/media?parent=1389"}],"curies":[{"name":"wp","href":"https:\/\/api.w.org\/{rel}","templated":true}]}}